{"id":3655,"date":"2018-03-05T17:50:42","date_gmt":"2018-03-05T17:50:42","guid":{"rendered":"https:\/\/jovial-meninsky.34-91-28-182.plesk.page\/impressum\/"},"modified":"2021-07-31T16:24:51","modified_gmt":"2021-07-31T16:24:51","slug":"imprimir","status":"publish","type":"page","link":"https:\/\/eiweiss.com\/pt\/imprimir\/","title":{"rendered":"Impresso"},"content":{"rendered":"<style type=\"text\/css\" data-created_by=\"avia_inline_auto\" id=\"style-css-av-3nxqh3-6ef473ec2380a8bed820722a0c294be7\">\n.avia-section.av-3nxqh3-6ef473ec2380a8bed820722a0c294be7 .av-parallax .av-parallax-inner{\nbackground-repeat:no-repeat;\nbackground-image:url(https:\/\/eiweiss.com\/wp-content\/uploads\/2021\/07\/eiweiss-header.jpg);\nbackground-position:50% 0%;\nbackground-attachment:scroll;\n}\n.avia-section.av-3nxqh3-6ef473ec2380a8bed820722a0c294be7 .av-section-color-overlay{\nopacity:0.4;\nbackground-color:#ffffff;\nbackground-image:url(https:\/\/eiweiss.com\/wp-content\/themes\/enfold\/images\/background-images\/dots-mini-strong.png);\nbackground-repeat:repeat;\n}\n<\/style>\n<div id='av_section_1'  class='avia-section av-3nxqh3-6ef473ec2380a8bed820722a0c294be7 main_color avia-section-no-padding avia-no-border-styling  avia-builder-el-0  el_before_av_textblock  avia-builder-el-first  avia-full-contain av-parallax-section avia-bg-style-parallax av-section-color-overlay-active av-minimum-height av-minimum-height-25 av-height-25  container_wrap fullsize'  data-section-bg-repeat='contain' data-av_minimum_height_pc='25' data-av_min_height_opt='25'><div class='av-parallax' data-avia-parallax-ratio='0.3' ><div class='av-parallax-inner main_color avia-full-contain'><\/div><\/div><div class=\"av-section-color-overlay-wrap\"><div class=\"av-section-color-overlay\"><\/div><div class='container av-section-cont-open' ><main  role=\"main\" itemprop=\"mainContentOfPage\"  class='template-page content  av-content-full alpha units'><div class='post-entry post-entry-type-page post-entry-3655'><div class='entry-content-wrapper clearfix'>\n\n<style type=\"text\/css\" data-created_by=\"avia_inline_auto\" id=\"style-css-av-2hw3qf-5ed8ec409ff169fd77e8559c3ed194d9\">\n#top .hr.hr-invisible.av-2hw3qf-5ed8ec409ff169fd77e8559c3ed194d9{\nheight:100px;\n}\n<\/style>\n<div  class='hr av-2hw3qf-5ed8ec409ff169fd77e8559c3ed194d9 hr-invisible  avia-builder-el-1  el_before_av_heading  avia-builder-el-first'><span class='hr-inner'><span class=\"hr-inner-style\"><\/span><\/span><\/div>\n\n<style type=\"text\/css\" data-created_by=\"avia_inline_auto\" id=\"style-css-av-krrz0mxw-2284e90a229e102d85b392850cc350c7\">\n#top .av-special-heading.av-krrz0mxw-2284e90a229e102d85b392850cc350c7{\npadding-bottom:10px;\n}\nbody .av-special-heading.av-krrz0mxw-2284e90a229e102d85b392850cc350c7 .av-special-heading-tag .heading-char{\nfont-size:25px;\n}\n.av-special-heading.av-krrz0mxw-2284e90a229e102d85b392850cc350c7 .av-subheading{\nfont-size:15px;\n}\n<\/style>\n<div  class='av-special-heading av-krrz0mxw-2284e90a229e102d85b392850cc350c7 av-special-heading-h1 blockquote modern-quote  avia-builder-el-2  el_after_av_hr  avia-builder-el-last'><h1 class='av-special-heading-tag'  itemprop=\"headline\"  >Impresso<\/h1><div class=\"special-heading-border\"><div class=\"special-heading-inner-border\"><\/div><\/div><\/div>\n<\/div><\/div><\/main><!-- close content main element --><\/div><\/div><\/div><div id='after_section_1'  class='main_color av_default_container_wrap container_wrap fullsize'  ><div class='container av-section-cont-open' ><div class='template-page content  av-content-full alpha units'><div class='post-entry post-entry-type-page post-entry-3655'><div class='entry-content-wrapper clearfix'><section  class='av_textblock_section av-krrqg7v6-e6e988eae384d8de67b45abe1e3f1603'   itemscope=\"itemscope\" itemtype=\"https:\/\/schema.org\/CreativeWork\" ><div class='avia_textblock'  itemprop=\"text\" ><p>POST Service &amp; Consulting Limited<br \/>\nIndependence Ave, P.1523<br \/>\nVictoria, Mah\u00e9,<br \/>\nSeychelles<\/p>\n<p>E-mail: post@post.sc<\/p>\n<h2>Resolu\u00e7\u00e3o de disputas<\/h2>\n<p>A Comiss\u00e3o Europ\u00e9ia fornece uma plataforma para a resolu\u00e7\u00e3o de disputas on-line (ODR):\u00a0<a href=\"https:\/\/ec.europa.eu\/consumers\/odr\" target=\"_blank\" rel=\"noopener noreferrer\">https:\/\/ec.europa.eu\/consumers\/odr<\/a>.<br \/>\nVoc\u00ea pode encontrar nosso endere\u00e7o de e-mail na impress\u00e3o acima.<\/p>\n<p>N\u00e3o estamos dispostos ou obrigados a participar de procedimentos de resolu\u00e7\u00e3o de disputas perante uma comiss\u00e3o de arbitragem de consumidores.<\/p>\n<h2>Isen\u00e7\u00e3o de responsabilidade<\/h2>\n<p><strong>Responsabilidade pelo conte\u00fado<\/strong><\/p>\n<p>Como prestador de servi\u00e7os, somos respons\u00e1veis por nosso pr\u00f3prio conte\u00fado nestas p\u00e1ginas, de acordo com a legisla\u00e7\u00e3o geral, conforme a Se\u00e7\u00e3o 7 (1) da Lei Alem\u00e3 de Telemedia (TMG). Entretanto, de acordo com os \u00a7\u00a7 8 a 10 TMG, n\u00e3o somos obrigados, como prestadores de servi\u00e7os, a monitorar informa\u00e7\u00f5es transmitidas ou armazenadas de terceiros ou a investigar circunst\u00e2ncias que indiquem atividade ilegal. As obriga\u00e7\u00f5es de remover ou bloquear o uso de informa\u00e7\u00f5es de acordo com as leis gerais n\u00e3o s\u00e3o afetadas por isso. Entretanto, a responsabilidade a este respeito s\u00f3 \u00e9 poss\u00edvel a partir do momento em que uma infra\u00e7\u00e3o concreta da lei se torna conhecida. Se tomarmos conhecimento de viola\u00e7\u00f5es correspondentes, removeremos imediatamente este conte\u00fado.<\/p>\n<p><strong>Responsabilidade por links<\/strong><\/p>\n<p>Nossa oferta cont\u00e9m links para websites externos de terceiros, sobre cujo conte\u00fado n\u00e3o temos influ\u00eancia. Portanto, n\u00e3o podemos assumir qualquer responsabilidade por estes conte\u00fados externos. O respectivo fornecedor ou operador das p\u00e1ginas \u00e9 sempre respons\u00e1vel pelo conte\u00fado das p\u00e1ginas vinculadas. As p\u00e1ginas vinculadas foram verificadas quanto a poss\u00edveis viola\u00e7\u00f5es legais no momento da cria\u00e7\u00e3o do link. Os conte\u00fados ilegais n\u00e3o eram reconhec\u00edveis no momento da liga\u00e7\u00e3o. Entretanto, o monitoramento permanente do conte\u00fado das p\u00e1ginas vinculadas n\u00e3o \u00e9 razo\u00e1vel sem indica\u00e7\u00f5es concretas de uma viola\u00e7\u00e3o legal. Se tomarmos conhecimento de qualquer viola\u00e7\u00e3o da lei, removeremos tais liga\u00e7\u00f5es imediatamente.<\/p>\n<p><strong>Direitos autorais<\/strong><\/p>\n<p>O conte\u00fado e as obras criadas pelos operadores do site nestas p\u00e1ginas est\u00e3o sujeitos \u00e0 lei alem\u00e3 de direitos autorais. A duplica\u00e7\u00e3o, processamento, distribui\u00e7\u00e3o e qualquer tipo de explora\u00e7\u00e3o fora dos limites da lei de direitos autorais exigem o consentimento por escrito do respectivo autor ou criador. Os downloads e c\u00f3pias deste site s\u00f3 s\u00e3o permitidos para uso privado e n\u00e3o comercial. Na medida em que o conte\u00fado deste site n\u00e3o foi criado pelo operador, os direitos autorais de terceiros s\u00e3o respeitados. Em particular, o conte\u00fado de terceiros \u00e9 marcado como tal. No entanto, caso voc\u00ea tenha conhecimento de uma viola\u00e7\u00e3o de direitos autorais, por favor, informe-nos de acordo. Se tomarmos conhecimento de qualquer infra\u00e7\u00e3o, removeremos tal conte\u00fado imediatamente.<\/p>\n<p><i>Fontes:\u00a0<a href=\"http:\/\/www.e-recht24.de\/muster-disclaimer.html\" target=\"_blank\" rel=\"nofollow noopener noreferrer\">eRecht24<\/a>,\u00a0<a href=\"http:\/\/www.e-recht24.de\/muster-disclaimer.html\" target=\"_blank\" rel=\"nofollow noopener noreferrer\">Isen\u00e7\u00e3o de responsabilidade<\/a>\u00a0por eRecht24, o portal para o direito da internet pelo advogado S\u00f6ren Siebert<\/i><\/p>\n<\/div><\/section><\/p>","protected":false},"excerpt":{"rendered":"","protected":false},"author":1,"featured_media":0,"parent":0,"menu_order":0,"comment_status":"closed","ping_status":"closed","template":"","meta":{"footnotes":""},"class_list":["post-3655","page","type-page","status-publish","hentry"],"_links":{"self":[{"href":"https:\/\/eiweiss.com\/pt\/wp-json\/wp\/v2\/pages\/3655","targetHints":{"allow":["GET"]}}],"collection":[{"href":"https:\/\/eiweiss.com\/pt\/wp-json\/wp\/v2\/pages"}],"about":[{"href":"https:\/\/eiweiss.com\/pt\/wp-json\/wp\/v2\/types\/page"}],"author":[{"embeddable":true,"href":"https:\/\/eiweiss.com\/pt\/wp-json\/wp\/v2\/users\/1"}],"replies":[{"embeddable":true,"href":"https:\/\/eiweiss.com\/pt\/wp-json\/wp\/v2\/comments?post=3655"}],"version-history":[{"count":3,"href":"https:\/\/eiweiss.com\/pt\/wp-json\/wp\/v2\/pages\/3655\/revisions"}],"predecessor-version":[{"id":3843,"href":"https:\/\/eiweiss.com\/pt\/wp-json\/wp\/v2\/pages\/3655\/revisions\/3843"}],"wp:attachment":[{"href":"https:\/\/eiweiss.com\/pt\/wp-json\/wp\/v2\/media?parent=3655"}],"curies":[{"name":"wp","href":"https:\/\/api.w.org\/{rel}","templated":true}]}}