{"id":3655,"date":"2018-03-05T17:50:42","date_gmt":"2018-03-05T17:50:42","guid":{"rendered":"https:\/\/jovial-meninsky.34-91-28-182.plesk.page\/impressum\/"},"modified":"2021-07-31T16:24:51","modified_gmt":"2021-07-31T16:24:51","slug":"odcisk","status":"publish","type":"page","link":"https:\/\/eiweiss.com\/pl\/odcisk\/","title":{"rendered":"Nadruk"},"content":{"rendered":"<style type=\"text\/css\" data-created_by=\"avia_inline_auto\" id=\"style-css-av-3nxqh3-6ef473ec2380a8bed820722a0c294be7\">\n.avia-section.av-3nxqh3-6ef473ec2380a8bed820722a0c294be7 .av-parallax .av-parallax-inner{\nbackground-repeat:no-repeat;\nbackground-image:url(https:\/\/eiweiss.com\/wp-content\/uploads\/2021\/07\/eiweiss-header.jpg);\nbackground-position:50% 0%;\nbackground-attachment:scroll;\n}\n.avia-section.av-3nxqh3-6ef473ec2380a8bed820722a0c294be7 .av-section-color-overlay{\nopacity:0.4;\nbackground-color:#ffffff;\nbackground-image:url(https:\/\/eiweiss.com\/wp-content\/themes\/enfold\/images\/background-images\/dots-mini-strong.png);\nbackground-repeat:repeat;\n}\n<\/style>\n<div id='av_section_1'  class='avia-section av-3nxqh3-6ef473ec2380a8bed820722a0c294be7 main_color avia-section-no-padding avia-no-border-styling  avia-builder-el-0  el_before_av_textblock  avia-builder-el-first  avia-full-contain av-parallax-section avia-bg-style-parallax av-section-color-overlay-active av-minimum-height av-minimum-height-25 av-height-25  container_wrap fullsize'  data-section-bg-repeat='contain' data-av_minimum_height_pc='25' data-av_min_height_opt='25'><div class='av-parallax' data-avia-parallax-ratio='0.3' ><div class='av-parallax-inner main_color avia-full-contain'><\/div><\/div><div class=\"av-section-color-overlay-wrap\"><div class=\"av-section-color-overlay\"><\/div><div class='container av-section-cont-open' ><main  role=\"main\" itemprop=\"mainContentOfPage\"  class='template-page content  av-content-full alpha units'><div class='post-entry post-entry-type-page post-entry-3655'><div class='entry-content-wrapper clearfix'>\n\n<style type=\"text\/css\" data-created_by=\"avia_inline_auto\" id=\"style-css-av-2hw3qf-5ed8ec409ff169fd77e8559c3ed194d9\">\n#top .hr.hr-invisible.av-2hw3qf-5ed8ec409ff169fd77e8559c3ed194d9{\nheight:100px;\n}\n<\/style>\n<div  class='hr av-2hw3qf-5ed8ec409ff169fd77e8559c3ed194d9 hr-invisible  avia-builder-el-1  el_before_av_heading  avia-builder-el-first'><span class='hr-inner'><span class=\"hr-inner-style\"><\/span><\/span><\/div>\n\n<style type=\"text\/css\" data-created_by=\"avia_inline_auto\" id=\"style-css-av-krrz0mxw-2284e90a229e102d85b392850cc350c7\">\n#top .av-special-heading.av-krrz0mxw-2284e90a229e102d85b392850cc350c7{\npadding-bottom:10px;\n}\nbody .av-special-heading.av-krrz0mxw-2284e90a229e102d85b392850cc350c7 .av-special-heading-tag .heading-char{\nfont-size:25px;\n}\n.av-special-heading.av-krrz0mxw-2284e90a229e102d85b392850cc350c7 .av-subheading{\nfont-size:15px;\n}\n<\/style>\n<div  class='av-special-heading av-krrz0mxw-2284e90a229e102d85b392850cc350c7 av-special-heading-h1 blockquote modern-quote  avia-builder-el-2  el_after_av_hr  avia-builder-el-last'><h1 class='av-special-heading-tag'  itemprop=\"headline\"  >Nadruk<\/h1><div class=\"special-heading-border\"><div class=\"special-heading-inner-border\"><\/div><\/div><\/div>\n<\/div><\/div><\/main><!-- close content main element --><\/div><\/div><\/div><div id='after_section_1'  class='main_color av_default_container_wrap container_wrap fullsize'  ><div class='container av-section-cont-open' ><div class='template-page content  av-content-full alpha units'><div class='post-entry post-entry-type-page post-entry-3655'><div class='entry-content-wrapper clearfix'><section  class='av_textblock_section av-krrqg7v6-e6e988eae384d8de67b45abe1e3f1603'   itemscope=\"itemscope\" itemtype=\"https:\/\/schema.org\/CreativeWork\" ><div class='avia_textblock'  itemprop=\"text\" ><p>POST Service &amp; Consulting Limited<br \/>\nIndependence Ave, P.1523<br \/>\nVictoria, Mah\u00e9,<br \/>\nSeszele<\/p>\n<p>E-mail: post@post.sc<\/p>\n<h2>Rozstrzyganie spor\u00f3w<\/h2>\n<p>Komisja Europejska udost\u0119pnia platform\u0119 do internetowego rozstrzygania spor\u00f3w (ODR):\u00a0<a href=\"https:\/\/ec.europa.eu\/consumers\/odr\" target=\"_blank\" rel=\"noopener noreferrer\">https:\/\/ec.europa.eu\/consumers\/odr<\/a>.<br \/>\nNasz adres e-mail mo\u017cna znale\u017a\u0107 w nadruku powy\u017cej.<\/p>\n<p>Nie jeste\u015bmy sk\u0142onni ani zobowi\u0105zani do udzia\u0142u w post\u0119powaniu w sprawie rozstrzygania spor\u00f3w przed polubownym s\u0105dem konsumenckim.<\/p>\n<h2>Zastrze\u017cenie<\/h2>\n<p><strong>Odpowiedzialno\u015b\u0107 za zawarto\u015b\u0107<\/strong><\/p>\n<p>Jako us\u0142ugodawca jeste\u015bmy odpowiedzialni za w\u0142asne tre\u015bci na tych stronach zgodnie z og\u00f3lnymi przepisami prawa zgodnie z \u00a7 7 ust. 1 niemieckiej ustawy o telemediach (TMG). Zgodnie z \u00a7\u00a7 8 do 10 TMG nie jeste\u015bmy jednak zobowi\u0105zani jako us\u0142ugodawca do monitorowania przekazywanych lub zapisywanych informacji os\u00f3b trzecich lub do badania okoliczno\u015bci wskazuj\u0105cych na nielegaln\u0105 dzia\u0142alno\u015b\u0107. Zobowi\u0105zania do usuni\u0119cia lub zablokowania wykorzystania informacji zgodnie z og\u00f3lnymi przepisami prawa pozostaj\u0105 nienaruszone. Odpowiedzialno\u015b\u0107 w tym zakresie jest jednak mo\u017cliwa dopiero od momentu, w kt\u00f3rym znane jest konkretne naruszenie prawa. Je\u015bli dowiemy si\u0119 o takich naruszeniach, natychmiast usuniemy te tre\u015bci.<\/p>\n<p><strong>Odpowiedzialno\u015b\u0107 za linki<\/strong><\/p>\n<p>Nasza oferta zawiera linki do zewn\u0119trznych stron internetowych os\u00f3b trzecich, na kt\u00f3rych tre\u015b\u0107 nie mamy \u017cadnego wp\u0142ywu. Dlatego nie mo\u017cemy przej\u0105\u0107 \u017cadnej odpowiedzialno\u015bci za te tre\u015bci zewn\u0119trzne. Za tre\u015b\u0107 stron, do kt\u00f3rych odsy\u0142aj\u0105 linki, odpowiada zawsze dany oferent lub operator strony. Strony, do kt\u00f3rych odsy\u0142aj\u0105 linki, zosta\u0142y sprawdzone pod k\u0105tem ewentualnych narusze\u0144 prawa w momencie umieszczania link\u00f3w. Nielegalne tre\u015bci nie by\u0142y rozpoznawalne w momencie linkowania. Sta\u0142a kontrola tre\u015bci stron, do kt\u00f3rych prowadz\u0105 linki, nie jest jednak uzasadniona bez konkretnych przes\u0142anek wskazuj\u0105cych na naruszenie prawa. Je\u015bli dowiemy si\u0119 o naruszeniu prawa, natychmiast usuniemy takie linki.<\/p>\n<p><strong>Copyright<\/strong><\/p>\n<p>Tre\u015bci i dzie\u0142a stworzone przez administrator\u00f3w stron na tych stronach podlegaj\u0105 niemieckiemu prawu autorskiemu. Powielanie, przetwarzanie, rozpowszechnianie i wszelkiego rodzaju wykorzystywanie wykraczaj\u0105ce poza granice prawa autorskiego wymaga pisemnej zgody danego autora lub tw\u00f3rcy. Pobieranie i kopiowanie tej strony jest dozwolone tylko do prywatnego, niekomercyjnego u\u017cytku. O ile tre\u015bci na tej stronie nie zosta\u0142y stworzone przez operatora, prawa autorskie os\u00f3b trzecich s\u0105 respektowane. W szczeg\u00f3lno\u015bci tre\u015bci os\u00f3b trzecich s\u0105 oznaczone jako takie. Je\u015bli mimo to dowiedz\u0105 si\u0119 Pa\u0144stwo o naruszeniu praw autorskich, prosimy o stosown\u0105 informacj\u0119. Je\u015bli dowiemy si\u0119 o jakichkolwiek naruszeniach, natychmiast usuniemy takie tre\u015bci.<\/p>\n<p><i>\u0179r\u00f3d\u0142a:\u00a0<a href=\"http:\/\/www.e-recht24.de\/muster-disclaimer.html\" target=\"_blank\" rel=\"nofollow noopener noreferrer\">Zastrze\u017cenia eRecht24<\/a>,\u00a0<a href=\"http:\/\/www.e-recht24.de\/muster-disclaimer.html\" target=\"_blank\" rel=\"nofollow noopener noreferrer\">Zastrze\u017cenie<\/a>\u00a0przez eRecht24, portal o prawie internetowym prowadzony przez prawnika S\u00f6rena Sieberta<\/i><\/p>\n<\/div><\/section><\/p>","protected":false},"excerpt":{"rendered":"","protected":false},"author":1,"featured_media":0,"parent":0,"menu_order":0,"comment_status":"closed","ping_status":"closed","template":"","meta":{"footnotes":""},"class_list":["post-3655","page","type-page","status-publish","hentry"],"_links":{"self":[{"href":"https:\/\/eiweiss.com\/pl\/wp-json\/wp\/v2\/pages\/3655","targetHints":{"allow":["GET"]}}],"collection":[{"href":"https:\/\/eiweiss.com\/pl\/wp-json\/wp\/v2\/pages"}],"about":[{"href":"https:\/\/eiweiss.com\/pl\/wp-json\/wp\/v2\/types\/page"}],"author":[{"embeddable":true,"href":"https:\/\/eiweiss.com\/pl\/wp-json\/wp\/v2\/users\/1"}],"replies":[{"embeddable":true,"href":"https:\/\/eiweiss.com\/pl\/wp-json\/wp\/v2\/comments?post=3655"}],"version-history":[{"count":3,"href":"https:\/\/eiweiss.com\/pl\/wp-json\/wp\/v2\/pages\/3655\/revisions"}],"predecessor-version":[{"id":3843,"href":"https:\/\/eiweiss.com\/pl\/wp-json\/wp\/v2\/pages\/3655\/revisions\/3843"}],"wp:attachment":[{"href":"https:\/\/eiweiss.com\/pl\/wp-json\/wp\/v2\/media?parent=3655"}],"curies":[{"name":"wp","href":"https:\/\/api.w.org\/{rel}","templated":true}]}}