{"id":3655,"date":"2018-03-05T17:50:42","date_gmt":"2018-03-05T17:50:42","guid":{"rendered":"https:\/\/jovial-meninsky.34-91-28-182.plesk.page\/impressum\/"},"modified":"2021-07-31T16:24:51","modified_gmt":"2021-07-31T16:24:51","slug":"impronta","status":"publish","type":"page","link":"https:\/\/eiweiss.com\/it\/impronta\/","title":{"rendered":"Impronta"},"content":{"rendered":"<style type=\"text\/css\" data-created_by=\"avia_inline_auto\" id=\"style-css-av-3nxqh3-6ef473ec2380a8bed820722a0c294be7\">\n.avia-section.av-3nxqh3-6ef473ec2380a8bed820722a0c294be7 .av-parallax .av-parallax-inner{\nbackground-repeat:no-repeat;\nbackground-image:url(https:\/\/eiweiss.com\/wp-content\/uploads\/2021\/07\/eiweiss-header.jpg);\nbackground-position:50% 0%;\nbackground-attachment:scroll;\n}\n.avia-section.av-3nxqh3-6ef473ec2380a8bed820722a0c294be7 .av-section-color-overlay{\nopacity:0.4;\nbackground-color:#ffffff;\nbackground-image:url(https:\/\/eiweiss.com\/wp-content\/themes\/enfold\/images\/background-images\/dots-mini-strong.png);\nbackground-repeat:repeat;\n}\n<\/style>\n<div id='av_section_1'  class='avia-section av-3nxqh3-6ef473ec2380a8bed820722a0c294be7 main_color avia-section-no-padding avia-no-border-styling  avia-builder-el-0  el_before_av_textblock  avia-builder-el-first  avia-full-contain av-parallax-section avia-bg-style-parallax av-section-color-overlay-active av-minimum-height av-minimum-height-25 av-height-25  container_wrap fullsize'  data-section-bg-repeat='contain' data-av_minimum_height_pc='25' data-av_min_height_opt='25'><div class='av-parallax' data-avia-parallax-ratio='0.3' ><div class='av-parallax-inner main_color avia-full-contain'><\/div><\/div><div class=\"av-section-color-overlay-wrap\"><div class=\"av-section-color-overlay\"><\/div><div class='container av-section-cont-open' ><main  role=\"main\" itemprop=\"mainContentOfPage\"  class='template-page content  av-content-full alpha units'><div class='post-entry post-entry-type-page post-entry-3655'><div class='entry-content-wrapper clearfix'>\n\n<style type=\"text\/css\" data-created_by=\"avia_inline_auto\" id=\"style-css-av-2hw3qf-5ed8ec409ff169fd77e8559c3ed194d9\">\n#top .hr.hr-invisible.av-2hw3qf-5ed8ec409ff169fd77e8559c3ed194d9{\nheight:100px;\n}\n<\/style>\n<div  class='hr av-2hw3qf-5ed8ec409ff169fd77e8559c3ed194d9 hr-invisible  avia-builder-el-1  el_before_av_heading  avia-builder-el-first'><span class='hr-inner'><span class=\"hr-inner-style\"><\/span><\/span><\/div>\n\n<style type=\"text\/css\" data-created_by=\"avia_inline_auto\" id=\"style-css-av-krrz0mxw-2284e90a229e102d85b392850cc350c7\">\n#top .av-special-heading.av-krrz0mxw-2284e90a229e102d85b392850cc350c7{\npadding-bottom:10px;\n}\nbody .av-special-heading.av-krrz0mxw-2284e90a229e102d85b392850cc350c7 .av-special-heading-tag .heading-char{\nfont-size:25px;\n}\n.av-special-heading.av-krrz0mxw-2284e90a229e102d85b392850cc350c7 .av-subheading{\nfont-size:15px;\n}\n<\/style>\n<div  class='av-special-heading av-krrz0mxw-2284e90a229e102d85b392850cc350c7 av-special-heading-h1 blockquote modern-quote  avia-builder-el-2  el_after_av_hr  avia-builder-el-last'><h1 class='av-special-heading-tag'  itemprop=\"headline\"  >Impronta<\/h1><div class=\"special-heading-border\"><div class=\"special-heading-inner-border\"><\/div><\/div><\/div>\n<\/div><\/div><\/main><!-- close content main element --><\/div><\/div><\/div><div id='after_section_1'  class='main_color av_default_container_wrap container_wrap fullsize'  ><div class='container av-section-cont-open' ><div class='template-page content  av-content-full alpha units'><div class='post-entry post-entry-type-page post-entry-3655'><div class='entry-content-wrapper clearfix'><section  class='av_textblock_section av-krrqg7v6-e6e988eae384d8de67b45abe1e3f1603'   itemscope=\"itemscope\" itemtype=\"https:\/\/schema.org\/CreativeWork\" ><div class='avia_textblock'  itemprop=\"text\" ><p>POST Service &amp; Consulting Limited<br \/>\nViale dell'Indipendenza, P.1523<br \/>\nVictoria, Mah\u00e9,<br \/>\nSeychelles<\/p>\n<p>E-mail: post@post.sc<\/p>\n<h2>Risoluzione delle controversie<\/h2>\n<p>La Commissione europea fornisce una piattaforma per la risoluzione delle controversie online (ODR):\u00a0<a href=\"https:\/\/ec.europa.eu\/consumers\/odr\" target=\"_blank\" rel=\"noopener noreferrer\">https:\/\/ec.europa.eu\/consumers\/odr<\/a>.<br \/>\nPotete trovare il nostro indirizzo e-mail nell'impronta qui sopra.<\/p>\n<p>Non siamo disposti o obbligati a partecipare a un procedimento di risoluzione delle controversie davanti a una commissione di arbitrato dei consumatori.<\/p>\n<h2>Disclaimer<\/h2>\n<p><strong>Responsabilit\u00e0 per i contenuti<\/strong><\/p>\n<p>In qualit\u00e0 di fornitore di servizi, siamo responsabili dei nostri contenuti su queste pagine in conformit\u00e0 con la legislazione generale ai sensi della sezione 7 (1) della legge tedesca sui media telematici (TMG). Tuttavia, secondo i \u00a7\u00a7 8 a 10 TMG, non siamo obbligati come fornitore di servizi a controllare le informazioni di terzi trasmesse o memorizzate o a indagare su circostanze che indicano attivit\u00e0 illegali. Gli obblighi di rimuovere o bloccare l'uso di informazioni in conformit\u00e0 con le leggi generali rimangono inalterati da questo. Tuttavia, la responsabilit\u00e0 in questo senso \u00e8 possibile solo a partire dal momento in cui una violazione concreta della legge diventa nota. Se veniamo a conoscenza di violazioni corrispondenti, rimuoveremo immediatamente questi contenuti.<\/p>\n<p><strong>Responsabilit\u00e0 per i link<\/strong><\/p>\n<p>La nostra offerta contiene link a siti web esterni di terzi, sui cui contenuti non abbiamo alcuna influenza. Pertanto, non possiamo assumere alcuna responsabilit\u00e0 per questi contenuti esterni. Il rispettivo fornitore o operatore delle pagine \u00e8 sempre responsabile del contenuto delle pagine collegate. Le pagine collegate sono state controllate per eventuali violazioni legali al momento del collegamento. I contenuti illegali non erano riconoscibili al momento del collegamento. Tuttavia, il monitoraggio permanente del contenuto delle pagine collegate non \u00e8 ragionevole senza indicazioni concrete di una violazione legale. Se veniamo a conoscenza di violazioni della legge, rimuoveremo immediatamente tali link.<\/p>\n<p><strong>Copyright<\/strong><\/p>\n<p>I contenuti e i lavori creati dagli operatori del sito su queste pagine sono soggetti al diritto d'autore tedesco. La duplicazione, l'elaborazione, la distribuzione e qualsiasi tipo di sfruttamento al di fuori dei limiti della legge sul copyright richiedono il consenso scritto del rispettivo autore o creatore. I download e le copie di questo sito sono consentiti solo per uso privato e non commerciale. Nella misura in cui il contenuto di questo sito non \u00e8 stato creato dall'operatore, i diritti d'autore di terzi sono rispettati. In particolare, i contenuti di terzi sono contrassegnati come tali. Se tuttavia dovesse venire a conoscenza di una violazione del copyright, la preghiamo di informarci. Se veniamo a conoscenza di violazioni, rimuoveremo immediatamente tali contenuti.<\/p>\n<p><i>Fonti:\u00a0<a href=\"http:\/\/www.e-recht24.de\/muster-disclaimer.html\" target=\"_blank\" rel=\"nofollow noopener noreferrer\">Disclaimer eRecht24<\/a>,\u00a0<a href=\"http:\/\/www.e-recht24.de\/muster-disclaimer.html\" target=\"_blank\" rel=\"nofollow noopener noreferrer\">Disclaimer<\/a>\u00a0da eRecht24, il portale di diritto internet dell'avvocato S\u00f6ren Siebert<\/i><\/p>\n<\/div><\/section><\/p>","protected":false},"excerpt":{"rendered":"","protected":false},"author":1,"featured_media":0,"parent":0,"menu_order":0,"comment_status":"closed","ping_status":"closed","template":"","meta":{"footnotes":""},"class_list":["post-3655","page","type-page","status-publish","hentry"],"_links":{"self":[{"href":"https:\/\/eiweiss.com\/it\/wp-json\/wp\/v2\/pages\/3655","targetHints":{"allow":["GET"]}}],"collection":[{"href":"https:\/\/eiweiss.com\/it\/wp-json\/wp\/v2\/pages"}],"about":[{"href":"https:\/\/eiweiss.com\/it\/wp-json\/wp\/v2\/types\/page"}],"author":[{"embeddable":true,"href":"https:\/\/eiweiss.com\/it\/wp-json\/wp\/v2\/users\/1"}],"replies":[{"embeddable":true,"href":"https:\/\/eiweiss.com\/it\/wp-json\/wp\/v2\/comments?post=3655"}],"version-history":[{"count":3,"href":"https:\/\/eiweiss.com\/it\/wp-json\/wp\/v2\/pages\/3655\/revisions"}],"predecessor-version":[{"id":3843,"href":"https:\/\/eiweiss.com\/it\/wp-json\/wp\/v2\/pages\/3655\/revisions\/3843"}],"wp:attachment":[{"href":"https:\/\/eiweiss.com\/it\/wp-json\/wp\/v2\/media?parent=3655"}],"curies":[{"name":"wp","href":"https:\/\/api.w.org\/{rel}","templated":true}]}}