{"id":3655,"date":"2018-03-05T17:50:42","date_gmt":"2018-03-05T17:50:42","guid":{"rendered":"https:\/\/jovial-meninsky.34-91-28-182.plesk.page\/impressum\/"},"modified":"2021-07-31T16:24:51","modified_gmt":"2021-07-31T16:24:51","slug":"impression","status":"publish","type":"page","link":"https:\/\/eiweiss.com\/fr\/impression\/","title":{"rendered":"Impression"},"content":{"rendered":"<style type=\"text\/css\" data-created_by=\"avia_inline_auto\" id=\"style-css-av-3nxqh3-6ef473ec2380a8bed820722a0c294be7\">\n.avia-section.av-3nxqh3-6ef473ec2380a8bed820722a0c294be7 .av-parallax .av-parallax-inner{\nbackground-repeat:no-repeat;\nbackground-image:url(https:\/\/eiweiss.com\/wp-content\/uploads\/2021\/07\/eiweiss-header.jpg);\nbackground-position:50% 0%;\nbackground-attachment:scroll;\n}\n.avia-section.av-3nxqh3-6ef473ec2380a8bed820722a0c294be7 .av-section-color-overlay{\nopacity:0.4;\nbackground-color:#ffffff;\nbackground-image:url(https:\/\/eiweiss.com\/wp-content\/themes\/enfold\/images\/background-images\/dots-mini-strong.png);\nbackground-repeat:repeat;\n}\n<\/style>\n<div id='av_section_1'  class='avia-section av-3nxqh3-6ef473ec2380a8bed820722a0c294be7 main_color avia-section-no-padding avia-no-border-styling  avia-builder-el-0  el_before_av_textblock  avia-builder-el-first  avia-full-contain av-parallax-section avia-bg-style-parallax av-section-color-overlay-active av-minimum-height av-minimum-height-25 av-height-25  container_wrap fullsize'  data-section-bg-repeat='contain' data-av_minimum_height_pc='25' data-av_min_height_opt='25'><div class='av-parallax' data-avia-parallax-ratio='0.3' ><div class='av-parallax-inner main_color avia-full-contain'><\/div><\/div><div class=\"av-section-color-overlay-wrap\"><div class=\"av-section-color-overlay\"><\/div><div class='container av-section-cont-open' ><main  role=\"main\" itemprop=\"mainContentOfPage\"  class='template-page content  av-content-full alpha units'><div class='post-entry post-entry-type-page post-entry-3655'><div class='entry-content-wrapper clearfix'>\n\n<style type=\"text\/css\" data-created_by=\"avia_inline_auto\" id=\"style-css-av-2hw3qf-5ed8ec409ff169fd77e8559c3ed194d9\">\n#top .hr.hr-invisible.av-2hw3qf-5ed8ec409ff169fd77e8559c3ed194d9{\nheight:100px;\n}\n<\/style>\n<div  class='hr av-2hw3qf-5ed8ec409ff169fd77e8559c3ed194d9 hr-invisible  avia-builder-el-1  el_before_av_heading  avia-builder-el-first'><span class='hr-inner'><span class=\"hr-inner-style\"><\/span><\/span><\/div>\n\n<style type=\"text\/css\" data-created_by=\"avia_inline_auto\" id=\"style-css-av-krrz0mxw-2284e90a229e102d85b392850cc350c7\">\n#top .av-special-heading.av-krrz0mxw-2284e90a229e102d85b392850cc350c7{\npadding-bottom:10px;\n}\nbody .av-special-heading.av-krrz0mxw-2284e90a229e102d85b392850cc350c7 .av-special-heading-tag .heading-char{\nfont-size:25px;\n}\n.av-special-heading.av-krrz0mxw-2284e90a229e102d85b392850cc350c7 .av-subheading{\nfont-size:15px;\n}\n<\/style>\n<div  class='av-special-heading av-krrz0mxw-2284e90a229e102d85b392850cc350c7 av-special-heading-h1 blockquote modern-quote  avia-builder-el-2  el_after_av_hr  avia-builder-el-last'><h1 class='av-special-heading-tag'  itemprop=\"headline\"  >Impression<\/h1><div class=\"special-heading-border\"><div class=\"special-heading-inner-border\"><\/div><\/div><\/div>\n<\/div><\/div><\/main><!-- close content main element --><\/div><\/div><\/div><div id='after_section_1'  class='main_color av_default_container_wrap container_wrap fullsize'  ><div class='container av-section-cont-open' ><div class='template-page content  av-content-full alpha units'><div class='post-entry post-entry-type-page post-entry-3655'><div class='entry-content-wrapper clearfix'><section  class='av_textblock_section av-krrqg7v6-e6e988eae384d8de67b45abe1e3f1603'   itemscope=\"itemscope\" itemtype=\"https:\/\/schema.org\/CreativeWork\" ><div class='avia_textblock'  itemprop=\"text\" ><p>POST Service &amp; Consulting Limited<br \/>\nAvenue de l'Ind\u00e9pendance, P.1523<br \/>\nVictoria, Mah\u00e9,<br \/>\nSeychelles<\/p>\n<p>Courriel : post@post.sc<\/p>\n<h2>R\u00e9solution des litiges<\/h2>\n<p>La Commission europ\u00e9enne met \u00e0 disposition une plateforme de r\u00e9solution en ligne des litiges (ODR) :\u00a0<a href=\"https:\/\/ec.europa.eu\/consumers\/odr\" target=\"_blank\" rel=\"noopener noreferrer\">https:\/\/ec.europa.eu\/consumers\/odr<\/a>.<br \/>\nVous trouverez notre adresse \u00e9lectronique dans l'impressum ci-dessus.<\/p>\n<p>Nous ne sommes pas dispos\u00e9s ou oblig\u00e9s de participer \u00e0 une proc\u00e9dure de r\u00e8glement des litiges devant une commission d'arbitrage des consommateurs.<\/p>\n<h2>Avis de non-responsabilit\u00e9<\/h2>\n<p><strong>Responsabilit\u00e9 du contenu<\/strong><\/p>\n<p>En tant que prestataire de services, nous sommes responsables de notre propre contenu sur ces pages conform\u00e9ment \u00e0 la l\u00e9gislation g\u00e9n\u00e9rale en vertu de l'article 7 (1) de la loi allemande sur les t\u00e9l\u00e9m\u00e9dias (TMG). Toutefois, conform\u00e9ment aux articles 8 \u00e0 10 du TMG, nous ne sommes pas tenus, en tant que prestataire de services, de surveiller les informations transmises ou stock\u00e9es par des tiers ou d'enqu\u00eater sur des circonstances qui indiquent une activit\u00e9 ill\u00e9gale. Les obligations de supprimer ou de bloquer l'utilisation des informations conform\u00e9ment aux lois g\u00e9n\u00e9rales n'en sont pas affect\u00e9es. Toutefois, la responsabilit\u00e9 \u00e0 cet \u00e9gard n'est possible qu'\u00e0 partir du moment o\u00f9 une infraction concr\u00e8te \u00e0 la loi est connue. Si nous avons connaissance d'infractions correspondantes, nous supprimerons imm\u00e9diatement ces contenus.<\/p>\n<p><strong>Responsabilit\u00e9 pour les liens<\/strong><\/p>\n<p>Notre offre contient des liens vers des sites externes de tiers, sur le contenu desquels nous n'avons aucune influence. Par cons\u00e9quent, nous ne pouvons assumer aucune responsabilit\u00e9 pour ces contenus externes. Le fournisseur ou l'exploitant respectif des pages est toujours responsable du contenu des pages li\u00e9es. Les pages li\u00e9es ont \u00e9t\u00e9 v\u00e9rifi\u00e9es au moment de l'\u00e9tablissement du lien afin de d\u00e9tecter d'\u00e9ventuelles violations de la loi. Les contenus ill\u00e9gaux n'\u00e9taient pas reconnaissables au moment de l'\u00e9tablissement du lien. Toutefois, un contr\u00f4le permanent du contenu des pages li\u00e9es n'est pas raisonnable sans indices concrets d'une violation de la loi. Si nous avons connaissance d'infractions \u00e0 la loi, nous supprimerons imm\u00e9diatement ces liens.<\/p>\n<p><strong>Copyright<\/strong><\/p>\n<p>Les contenus et les \u0153uvres cr\u00e9\u00e9s par les exploitants du site sur ces pages sont soumis \u00e0 la l\u00e9gislation allemande sur le droit d'auteur. La duplication, le traitement, la distribution et tout type d'exploitation en dehors des limites de la loi sur le droit d'auteur requi\u00e8rent le consentement \u00e9crit de l'auteur ou du cr\u00e9ateur respectif. Les t\u00e9l\u00e9chargements et les copies de ce site ne sont autoris\u00e9s que pour un usage priv\u00e9 et non commercial. Dans la mesure o\u00f9 le contenu de ce site n'a pas \u00e9t\u00e9 cr\u00e9\u00e9 par l'op\u00e9rateur, les droits d'auteur des tiers sont respect\u00e9s. En particulier, les contenus de tiers sont marqu\u00e9s comme tels. Si vous avez n\u00e9anmoins connaissance d'une violation du droit d'auteur, veuillez nous en informer. Si nous avons connaissance d'infractions, nous supprimerons imm\u00e9diatement ce contenu.<\/p>\n<p><i>Sources :\u00a0<a href=\"http:\/\/www.e-recht24.de\/muster-disclaimer.html\" target=\"_blank\" rel=\"nofollow noopener noreferrer\">Avis de non-responsabilit\u00e9 eRecht24<\/a>,\u00a0<a href=\"http:\/\/www.e-recht24.de\/muster-disclaimer.html\" target=\"_blank\" rel=\"nofollow noopener noreferrer\">Avis de non-responsabilit\u00e9<\/a>\u00a0par eRecht24, le portail du droit de l'internet de l'avocat S\u00f6ren Siebert<\/i><\/p>\n<\/div><\/section><\/p>","protected":false},"excerpt":{"rendered":"","protected":false},"author":1,"featured_media":0,"parent":0,"menu_order":0,"comment_status":"closed","ping_status":"closed","template":"","meta":{"footnotes":""},"class_list":["post-3655","page","type-page","status-publish","hentry"],"_links":{"self":[{"href":"https:\/\/eiweiss.com\/fr\/wp-json\/wp\/v2\/pages\/3655","targetHints":{"allow":["GET"]}}],"collection":[{"href":"https:\/\/eiweiss.com\/fr\/wp-json\/wp\/v2\/pages"}],"about":[{"href":"https:\/\/eiweiss.com\/fr\/wp-json\/wp\/v2\/types\/page"}],"author":[{"embeddable":true,"href":"https:\/\/eiweiss.com\/fr\/wp-json\/wp\/v2\/users\/1"}],"replies":[{"embeddable":true,"href":"https:\/\/eiweiss.com\/fr\/wp-json\/wp\/v2\/comments?post=3655"}],"version-history":[{"count":3,"href":"https:\/\/eiweiss.com\/fr\/wp-json\/wp\/v2\/pages\/3655\/revisions"}],"predecessor-version":[{"id":3843,"href":"https:\/\/eiweiss.com\/fr\/wp-json\/wp\/v2\/pages\/3655\/revisions\/3843"}],"wp:attachment":[{"href":"https:\/\/eiweiss.com\/fr\/wp-json\/wp\/v2\/media?parent=3655"}],"curies":[{"name":"wp","href":"https:\/\/api.w.org\/{rel}","templated":true}]}}