{"id":3655,"date":"2018-03-05T17:50:42","date_gmt":"2018-03-05T17:50:42","guid":{"rendered":"https:\/\/jovial-meninsky.34-91-28-182.plesk.page\/impressum\/"},"modified":"2021-07-31T16:24:51","modified_gmt":"2021-07-31T16:24:51","slug":"imprimir","status":"publish","type":"page","link":"https:\/\/eiweiss.com\/es\/imprimir\/","title":{"rendered":"Pie de imprenta"},"content":{"rendered":"<style type=\"text\/css\" data-created_by=\"avia_inline_auto\" id=\"style-css-av-3nxqh3-6ef473ec2380a8bed820722a0c294be7\">\n.avia-section.av-3nxqh3-6ef473ec2380a8bed820722a0c294be7 .av-parallax .av-parallax-inner{\nbackground-repeat:no-repeat;\nbackground-image:url(https:\/\/eiweiss.com\/wp-content\/uploads\/2021\/07\/eiweiss-header.jpg);\nbackground-position:50% 0%;\nbackground-attachment:scroll;\n}\n.avia-section.av-3nxqh3-6ef473ec2380a8bed820722a0c294be7 .av-section-color-overlay{\nopacity:0.4;\nbackground-color:#ffffff;\nbackground-image:url(https:\/\/eiweiss.com\/wp-content\/themes\/enfold\/images\/background-images\/dots-mini-strong.png);\nbackground-repeat:repeat;\n}\n<\/style>\n<div id='av_section_1'  class='avia-section av-3nxqh3-6ef473ec2380a8bed820722a0c294be7 main_color avia-section-no-padding avia-no-border-styling  avia-builder-el-0  el_before_av_textblock  avia-builder-el-first  avia-full-contain av-parallax-section avia-bg-style-parallax av-section-color-overlay-active av-minimum-height av-minimum-height-25 av-height-25  container_wrap fullsize'  data-section-bg-repeat='contain' data-av_minimum_height_pc='25' data-av_min_height_opt='25'><div class='av-parallax' data-avia-parallax-ratio='0.3' ><div class='av-parallax-inner main_color avia-full-contain'><\/div><\/div><div class=\"av-section-color-overlay-wrap\"><div class=\"av-section-color-overlay\"><\/div><div class='container av-section-cont-open' ><main  role=\"main\" itemprop=\"mainContentOfPage\"  class='template-page content  av-content-full alpha units'><div class='post-entry post-entry-type-page post-entry-3655'><div class='entry-content-wrapper clearfix'>\n\n<style type=\"text\/css\" data-created_by=\"avia_inline_auto\" id=\"style-css-av-2hw3qf-5ed8ec409ff169fd77e8559c3ed194d9\">\n#top .hr.hr-invisible.av-2hw3qf-5ed8ec409ff169fd77e8559c3ed194d9{\nheight:100px;\n}\n<\/style>\n<div  class='hr av-2hw3qf-5ed8ec409ff169fd77e8559c3ed194d9 hr-invisible  avia-builder-el-1  el_before_av_heading  avia-builder-el-first'><span class='hr-inner'><span class=\"hr-inner-style\"><\/span><\/span><\/div>\n\n<style type=\"text\/css\" data-created_by=\"avia_inline_auto\" id=\"style-css-av-krrz0mxw-2284e90a229e102d85b392850cc350c7\">\n#top .av-special-heading.av-krrz0mxw-2284e90a229e102d85b392850cc350c7{\npadding-bottom:10px;\n}\nbody .av-special-heading.av-krrz0mxw-2284e90a229e102d85b392850cc350c7 .av-special-heading-tag .heading-char{\nfont-size:25px;\n}\n.av-special-heading.av-krrz0mxw-2284e90a229e102d85b392850cc350c7 .av-subheading{\nfont-size:15px;\n}\n<\/style>\n<div  class='av-special-heading av-krrz0mxw-2284e90a229e102d85b392850cc350c7 av-special-heading-h1 blockquote modern-quote  avia-builder-el-2  el_after_av_hr  avia-builder-el-last'><h1 class='av-special-heading-tag'  itemprop=\"headline\"  >Pie de imprenta<\/h1><div class=\"special-heading-border\"><div class=\"special-heading-inner-border\"><\/div><\/div><\/div>\n<\/div><\/div><\/main><!-- close content main element --><\/div><\/div><\/div><div id='after_section_1'  class='main_color av_default_container_wrap container_wrap fullsize'  ><div class='container av-section-cont-open' ><div class='template-page content  av-content-full alpha units'><div class='post-entry post-entry-type-page post-entry-3655'><div class='entry-content-wrapper clearfix'><section  class='av_textblock_section av-krrqg7v6-e6e988eae384d8de67b45abe1e3f1603'   itemscope=\"itemscope\" itemtype=\"https:\/\/schema.org\/CreativeWork\" ><div class='avia_textblock'  itemprop=\"text\" ><p>POST Service &amp; Consulting Limited<br \/>\nAvenida de la Independencia, P.1523<br \/>\nVictoria, Mah\u00e9,<br \/>\nSeychelles<\/p>\n<p>Correo electr\u00f3nico: post@post.sc<\/p>\n<h2>Resoluci\u00f3n de litigios<\/h2>\n<p>La Comisi\u00f3n Europea ofrece una plataforma para la resoluci\u00f3n de litigios en l\u00ednea (ODR):\u00a0<a href=\"https:\/\/ec.europa.eu\/consumers\/odr\" target=\"_blank\" rel=\"noopener noreferrer\">https:\/\/ec.europa.eu\/consumers\/odr<\/a>.<br \/>\nPuede encontrar nuestra direcci\u00f3n de correo electr\u00f3nico en el pie de imprenta de arriba.<\/p>\n<p>No estamos dispuestos ni obligados a participar en un procedimiento de resoluci\u00f3n de conflictos ante una junta de arbitraje de consumo.<\/p>\n<h2>Descargo de responsabilidad<\/h2>\n<p><strong>Responsabilidad por el contenido<\/strong><\/p>\n<p>Como proveedor de servicios, somos responsables de nuestros propios contenidos en estas p\u00e1ginas de acuerdo con la legislaci\u00f3n general seg\u00fan el art\u00edculo 7 (1) de la Ley de Telemedia alemana (TMG). Sin embargo, de acuerdo con los art\u00edculos 8 a 10 de la TMG, no estamos obligados, como proveedores de servicios, a controlar la informaci\u00f3n de terceros transmitida o almacenada, ni a investigar las circunstancias que indiquen una actividad ilegal. Las obligaciones de eliminar o bloquear el uso de la informaci\u00f3n de acuerdo con las leyes generales no se ven afectadas por esto. Sin embargo, la responsabilidad en este sentido s\u00f3lo es posible a partir del momento en que se conoce una infracci\u00f3n concreta de la ley. Si tenemos conocimiento de las correspondientes infracciones, eliminaremos estos contenidos inmediatamente.<\/p>\n<p><strong>Responsabilidad de los enlaces<\/strong><\/p>\n<p>Nuestra oferta contiene enlaces a p\u00e1ginas web externas de terceros, sobre cuyos contenidos no tenemos ninguna influencia. Por lo tanto, no podemos asumir ninguna responsabilidad por estos contenidos externos. El proveedor u operador de las p\u00e1ginas es siempre responsable del contenido de las p\u00e1ginas enlazadas. Las p\u00e1ginas enlazadas fueron revisadas para detectar posibles infracciones legales en el momento de enlazarlas. Los contenidos ilegales no eran reconocibles en el momento del enlace. Sin embargo, la supervisi\u00f3n permanente del contenido de las p\u00e1ginas enlazadas no es razonable si no hay indicios concretos de una infracci\u00f3n legal. Si tenemos conocimiento de alguna infracci\u00f3n de la ley, eliminaremos dichos enlaces inmediatamente.<\/p>\n<p><strong>Copyright<\/strong><\/p>\n<p>El contenido y las obras creadas por los operadores del sitio en estas p\u00e1ginas est\u00e1n sujetos a la legislaci\u00f3n alemana sobre derechos de autor. La duplicaci\u00f3n, el procesamiento, la distribuci\u00f3n y cualquier tipo de explotaci\u00f3n fuera de los l\u00edmites de la ley de derechos de autor requieren el consentimiento por escrito del respectivo autor o creador. Las descargas y copias de este sitio s\u00f3lo se permiten para uso privado y no comercial. En la medida en que el contenido de este sitio no haya sido creado por el operador, se respetan los derechos de autor de terceros. En particular, los contenidos de terceros est\u00e1n marcados como tales. No obstante, si tiene conocimiento de una infracci\u00f3n de los derechos de autor, le rogamos que nos informe al respecto. Si tenemos conocimiento de alguna infracci\u00f3n, eliminaremos dicho contenido inmediatamente.<\/p>\n<p><i>Fuentes:\u00a0<a href=\"http:\/\/www.e-recht24.de\/muster-disclaimer.html\" target=\"_blank\" rel=\"nofollow noopener noreferrer\">Descargo de responsabilidad eRecht24<\/a>,\u00a0<a href=\"http:\/\/www.e-recht24.de\/muster-disclaimer.html\" target=\"_blank\" rel=\"nofollow noopener noreferrer\">Descargo de responsabilidad<\/a>\u00a0por eRecht24, el portal de derecho de Internet del abogado S\u00f6ren Siebert<\/i><\/p>\n<\/div><\/section><\/p>","protected":false},"excerpt":{"rendered":"","protected":false},"author":1,"featured_media":0,"parent":0,"menu_order":0,"comment_status":"closed","ping_status":"closed","template":"","meta":{"footnotes":""},"class_list":["post-3655","page","type-page","status-publish","hentry"],"_links":{"self":[{"href":"https:\/\/eiweiss.com\/es\/wp-json\/wp\/v2\/pages\/3655","targetHints":{"allow":["GET"]}}],"collection":[{"href":"https:\/\/eiweiss.com\/es\/wp-json\/wp\/v2\/pages"}],"about":[{"href":"https:\/\/eiweiss.com\/es\/wp-json\/wp\/v2\/types\/page"}],"author":[{"embeddable":true,"href":"https:\/\/eiweiss.com\/es\/wp-json\/wp\/v2\/users\/1"}],"replies":[{"embeddable":true,"href":"https:\/\/eiweiss.com\/es\/wp-json\/wp\/v2\/comments?post=3655"}],"version-history":[{"count":3,"href":"https:\/\/eiweiss.com\/es\/wp-json\/wp\/v2\/pages\/3655\/revisions"}],"predecessor-version":[{"id":3843,"href":"https:\/\/eiweiss.com\/es\/wp-json\/wp\/v2\/pages\/3655\/revisions\/3843"}],"wp:attachment":[{"href":"https:\/\/eiweiss.com\/es\/wp-json\/wp\/v2\/media?parent=3655"}],"curies":[{"name":"wp","href":"https:\/\/api.w.org\/{rel}","templated":true}]}}